{"id":669,"date":"2025-11-15T22:52:24","date_gmt":"2025-11-15T22:52:24","guid":{"rendered":"https:\/\/saltoangelinsulation.com\/?page_id=669"},"modified":"2025-11-16T03:55:13","modified_gmt":"2025-11-16T03:55:13","slug":"privacy-policy","status":"publish","type":"page","link":"https:\/\/saltoangelinsulation.com\/es\/privacy-policy\/","title":{"rendered":"Pol\u00edtica de privacidad"},"content":{"rendered":"<div data-elementor-type=\"wp-page\" data-elementor-id=\"669\" class=\"elementor elementor-669\">\n\t\t\t\t<div class=\"elementor-element elementor-element-3ad787b5 e-flex e-con-boxed e-con e-parent\" data-id=\"3ad787b5\" data-element_type=\"container\" data-settings=\"{&quot;background_background&quot;:&quot;classic&quot;}\">\n\t\t\t\t\t<div class=\"e-con-inner\">\n\t\t<div class=\"elementor-element elementor-element-4213e037 e-con-full e-flex e-con e-child\" data-id=\"4213e037\" data-element_type=\"container\">\n\t\t\t\t<div class=\"elementor-element elementor-element-22d1c437 elementor-widget elementor-widget-heading\" data-id=\"22d1c437\" data-element_type=\"widget\" data-widget_type=\"heading.default\">\n\t\t\t\t\t<h1 class=\"elementor-heading-title elementor-size-default\">Pol\u00edtica de privacidad<\/h1>\t\t\t\t<\/div>\n\t\t\t\t<div class=\"elementor-element elementor-element-2e6af931 elementor-widget-tablet__width-initial elementor-widget-mobile__width-inherit elementor-widget elementor-widget-text-editor\" data-id=\"2e6af931\" data-element_type=\"widget\" data-widget_type=\"text-editor.default\">\n\t\t\t\t\t\t\t\t\t<pre id=\"tw-target-text\" class=\"tw-data-text tw-text-large tw-ta\" dir=\"ltr\" tabindex=\"-1\" role=\"text\" data-placeholder=\"Traducci\u00f3n\" data-ved=\"2ahUKEwjjmJ66pvWQAxU-kyYFHb7FOJkQ3ewLegQIDBAV\" aria-label=\"Texto traducido: legal notice\"><span class=\"Y2IQFc\" lang=\"en\">aviso legal<\/span><\/pre>\t\t\t\t\t\t\t\t<\/div>\n\t\t\t\t<\/div>\n\t\t<div class=\"elementor-element elementor-element-cee0da5 e-con-full e-flex e-con e-child\" data-id=\"cee0da5\" data-element_type=\"container\">\n\t\t\t\t<div class=\"elementor-element elementor-element-677160d2 elementor-icon-list--layout-inline elementor-list-item-link-full_width elementor-widget elementor-widget-icon-list\" data-id=\"677160d2\" data-element_type=\"widget\" data-widget_type=\"icon-list.default\">\n\t\t\t\t\t\t\t<ul class=\"elementor-icon-list-items elementor-inline-items\">\n\t\t\t\t\t\t\t<li class=\"elementor-icon-list-item elementor-inline-item\">\n\t\t\t\t\t\t\t\t\t\t\t<a href=\"#\">\n\n\t\t\t\t\t\t\t\t\t\t\t<span class=\"elementor-icon-list-text\">HOME<\/span>\n\t\t\t\t\t\t\t\t\t\t\t<\/a>\n\t\t\t\t\t\t\t\t\t<\/li>\n\t\t\t\t\t\t\t\t<li class=\"elementor-icon-list-item elementor-inline-item\">\n\t\t\t\t\t\t\t\t\t\t\t<a href=\"#\">\n\n\t\t\t\t\t\t\t\t\t\t\t\t<span class=\"elementor-icon-list-icon\">\n\t\t\t\t\t\t\t<i aria-hidden=\"true\" class=\"icon icon-right-arrow1\"><\/i>\t\t\t\t\t\t<\/span>\n\t\t\t\t\t\t\t\t\t\t<span class=\"elementor-icon-list-text\">Privacy policy<\/span>\n\t\t\t\t\t\t\t\t\t\t\t<\/a>\n\t\t\t\t\t\t\t\t\t<\/li>\n\t\t\t\t\t\t<\/ul>\n\t\t\t\t\t\t<\/div>\n\t\t\t\t<\/div>\n\t\t\t\t\t<\/div>\n\t\t\t\t<\/div>\n\t\t<div class=\"elementor-element elementor-element-f655834 e-flex e-con-boxed e-con e-parent\" data-id=\"f655834\" data-element_type=\"container\">\n\t\t\t\t\t<div class=\"e-con-inner\">\n\t\t\t\t<div class=\"elementor-element elementor-element-56962f8 elementor-widget elementor-widget-spacer\" data-id=\"56962f8\" data-element_type=\"widget\" data-widget_type=\"spacer.default\">\n\t\t\t\t\t\t\t<div class=\"elementor-spacer\">\n\t\t\t<div class=\"elementor-spacer-inner\"><\/div>\n\t\t<\/div>\n\t\t\t\t\t\t<\/div>\n\t\t\t\t\t<\/div>\n\t\t\t\t<\/div>\n\t\t<div class=\"elementor-element elementor-element-0f6e4e8 e-flex e-con-boxed e-con e-parent\" data-id=\"0f6e4e8\" data-element_type=\"container\">\n\t\t\t\t\t<div class=\"e-con-inner\">\n\t\t<div class=\"elementor-element elementor-element-d218993 e-con-full e-flex e-con e-child\" data-id=\"d218993\" data-element_type=\"container\">\n\t\t\t\t<div class=\"elementor-element elementor-element-7068642 elementor-widget elementor-widget-spacer\" data-id=\"7068642\" data-element_type=\"widget\" data-widget_type=\"spacer.default\">\n\t\t\t\t\t\t\t<div class=\"elementor-spacer\">\n\t\t\t<div class=\"elementor-spacer-inner\"><\/div>\n\t\t<\/div>\n\t\t\t\t\t\t<\/div>\n\t\t\t\t<div class=\"elementor-element elementor-element-e242998 elementor-widget elementor-widget-text-editor\" data-id=\"e242998\" data-element_type=\"widget\" data-widget_type=\"text-editor.default\">\n\t\t\t\t\t\t\t\t\t<h4 data-start=\"1527\" data-end=\"1543\">Pol\u00edtica de privacidad<\/h4><p data-start=\"1545\" data-end=\"1694\"><strong data-start=\"1545\" data-end=\"1564\">Fecha de entrada en vigor:<\/strong> [October 15,\u00a0 2025]<br data-start=\"1582\" data-end=\"1585\" \/><strong data-start=\"1585\" data-end=\"1600\">Qui\u00e9nes somos:<\/strong> Salto Angel Insulation Inc., info@saltoangelinsulation.com, Florida, Miami, 33134, EEUU. Contact: info@saltoangelinsulation.com \u00b7 +1 (786) 521 8265<\/p><h6 data-start=\"1696\" data-end=\"1721\">Informaci\u00f3n que recopilamos<\/h6><ul data-start=\"1722\" data-end=\"2010\"><li data-start=\"1722\" data-end=\"1846\"><p data-start=\"1724\" data-end=\"1846\"><strong data-start=\"1724\" data-end=\"1740\">T\u00fa proporcionas:<\/strong> detalles del formulario de contacto (nombre, correo electr\u00f3nico, tel\u00e9fono, mensaje), detalles de pedido o del servicio y cualquier archivo que cargues.<\/p><\/li><li data-start=\"1847\" data-end=\"2010\"><p data-start=\"1849\" data-end=\"2010\"><strong data-start=\"1849\" data-end=\"1877\">Recopilado autom\u00e1ticamente:<\/strong> direcci\u00f3n IP, informaci\u00f3n del dispositivo\/navegador, p\u00e1ginas visitadas y datos similares mediante cookies y analytics (por ejemplo, rendimiento de la p\u00e1gina, fuentes de tr\u00e1fico).<\/p><\/li><\/ul><h6 data-start=\"2012\" data-end=\"2037\">How we use information<\/h6><ul data-start=\"2038\" data-end=\"2382\"><li data-start=\"2038\" data-end=\"2206\"><p data-start=\"2040\" data-end=\"2206\">C\u00f3mo usamos la informaci\u00f3n: Para responder consultas, proporcionar cotizaciones\/servicios, operar y proteger nuestro sitio, analizar el rendimiento, mejorar el contenido y (si aceptas) enviar actualizaciones o promociones.<\/p><\/li><li data-start=\"2207\" data-end=\"2382\"><p data-start=\"2209\" data-end=\"2382\">No vendemos ni compartimos informaci\u00f3n personal para publicidad conductual de contexto cruzado. Si esto cambia, actualizaremos esta pol\u00edtica y proporcionaremos los mecanismos de exclusi\u00f3n (opt-out) requeridos.<\/p><\/li><\/ul><h6 data-start=\"2384\" data-end=\"2411\">C\u00f3mo compartimos la informaci\u00f3n<\/h6><p data-start=\"2412\" data-end=\"2646\">Compartimos datos con proveedores de servicios (hosting, analytics, email, pagos) bajo contratos que limitan su uso a nuestras instrucciones. Podemos divulgar informaci\u00f3n para cumplir con la ley, proteger derechos\/seguridad o en una transferencia de negocio.<\/p><h6 data-start=\"2648\" data-end=\"2669\">Cookies y seguimiento<\/h6><p data-start=\"2670\" data-end=\"2998\">Usamos cookies y tecnolog\u00edas similares para la funcionalidad del sitio, analytics y seguridad. Puedes controlar las cookies en la configuraci\u00f3n de tu navegador y (cuando est\u00e9 disponible) mediante nuestros controles de cookies.<br data-start=\"2854\" data-end=\"2857\" \/><strong data-start=\"2857\" data-end=\"2874\">No rastrear (DNT):<\/strong> No existe un est\u00e1ndar de la industria para las se\u00f1ales DNT; por ahora no respondemos a DNT, pero respetamos los opt-outs exigidos por ley.<\/p><h6 data-start=\"3000\" data-end=\"3012\">Retenci\u00f3n<\/h6><p data-start=\"3013\" data-end=\"3131\">Conservamos la informaci\u00f3n personal solo durante el tiempo necesario para los fines anteriores y para cumplir con requisitos legales\/operativos.<\/p><h6 data-start=\"3133\" data-end=\"3144\">Seguridad<\/h6><p data-start=\"3145\" data-end=\"3267\">Utilizamos medidas de protecci\u00f3n administrativas, t\u00e9cnicas y f\u00edsicas razonables. Ning\u00fan m\u00e9todo de transmisi\u00f3n o almacenamiento es 100 % seguro.<\/p><h6 data-start=\"3269\" data-end=\"3290\">Privacidad de menores<\/h6><p data-start=\"3291\" data-end=\"3484\">Nuestro sitio no est\u00e1 dirigido a ni\u00f1os menores de 13 a\u00f1os y no recopilamos conscientemente informaci\u00f3n de ellos. Si crees que un menor proporcion\u00f3 datos, cont\u00e1ctanos y los eliminaremos seg\u00fan lo exige la ley.<\/p><h6 data-start=\"3486\" data-end=\"3509\">Tus opciones de privacidad<\/h6><p data-start=\"3510\" data-end=\"3754\">Puedes: solicitar acceso, correcci\u00f3n o eliminaci\u00f3n; darte de baja del marketing; y controlar las cookies en tu navegador. Si la ley de tu estado otorga derechos adicionales (p. ej., California), cont\u00e1ctanos y tramitaremos tu solicitud seg\u00fan la normativa aplicable.<\/p><h6 data-start=\"3756\" data-end=\"3781\">Cambios a esta pol\u00edtica<\/h6><p data-start=\"3782\" data-end=\"3900\">Podemos actualizar esta pol\u00edtica. Publicaremos una nueva \u201cFecha de entrada en vigor\u201d y, si los cambios son sustanciales, mostraremos un aviso destacado.<\/p><p data-start=\"3902\" data-end=\"3973\"><strong data-start=\"3902\" data-end=\"3916\">Contacto<\/strong><br data-start=\"3916\" data-end=\"3919\" \/>Salto Angel Insulation Inc., info@saltoangelinsulation.com \u00b7 +1 (786) 521 8265<\/p>\t\t\t\t\t\t\t\t<\/div>\n\t\t\t\t<div class=\"elementor-element elementor-element-2251ffa elementor-widget elementor-widget-spacer\" data-id=\"2251ffa\" data-element_type=\"widget\" data-widget_type=\"spacer.default\">\n\t\t\t\t\t\t\t<div class=\"elementor-spacer\">\n\t\t\t<div class=\"elementor-spacer-inner\"><\/div>\n\t\t<\/div>\n\t\t\t\t\t\t<\/div>\n\t\t\t\t<\/div>\n\t\t\t\t\t<\/div>\n\t\t\t\t<\/div>\n\t\t\t\t<\/div>\n\t\t\n    <div class=\"xs_social_share_widget xs_share_url after_content \t\tmain_content  wslu-style-1 wslu-share-box-shaped wslu-fill-colored wslu-none wslu-share-horizontal wslu-theme-font-no wslu-main_content\">\n\n\t\t\n        <ul>\n\t\t\t        <\/ul>\n    <\/div>","protected":false},"excerpt":{"rendered":"<p>Privacy Policy legal notice HOME Privacy policy Privacy Policy Effective date: [October 15,\u00a0 2025]Who we are: Salto Angel Insulation Inc., info@saltoangelinsulation.com, Florida, Miami, 33134, EEUU. Contact: info@saltoangelinsulation.com \u00b7 +1 (786) 521 8265 Information we collect You provide: contact form details (name, email, phone, message), order or service details, and any files you upload. Collected automatically: [&hellip;]<\/p>","protected":false},"author":1,"featured_media":699,"parent":0,"menu_order":0,"comment_status":"closed","ping_status":"closed","template":"elementor_header_footer","meta":{"postBodyCss":"","postBodyMargin":[],"postBodyPadding":[],"postBodyBackground":{"backgroundType":"classic","gradient":""},"footnotes":""},"class_list":["post-669","page","type-page","status-publish","has-post-thumbnail","hentry"],"yoast_head":"<!-- This site is optimized with the Yoast SEO plugin v26.3 - https:\/\/yoast.com\/wordpress\/plugins\/seo\/ -->\n<title>Privacy Policy - Salto Angel Insulation INC<\/title>\n<meta name=\"robots\" content=\"index, follow, max-snippet:-1, max-image-preview:large, max-video-preview:-1\" \/>\n<link rel=\"canonical\" href=\"https:\/\/saltoangelinsulation.com\/es\/privacy-policy\/\" \/>\n<meta property=\"og:locale\" content=\"es_ES\" \/>\n<meta property=\"og:type\" content=\"article\" \/>\n<meta property=\"og:title\" content=\"Privacy Policy - Salto Angel Insulation INC\" \/>\n<meta property=\"og:description\" content=\"Privacy Policy legal notice HOME Privacy policy Privacy Policy Effective date: [October 15,\u00a0 2025]Who we are: Salto Angel Insulation Inc., info@saltoangelinsulation.com, Florida, Miami, 33134, EEUU. Contact: info@saltoangelinsulation.com \u00b7 +1 (786) 521 8265 Information we collect You provide: contact form details (name, email, phone, message), order or service details, and any files you upload. Collected automatically: [&hellip;]\" \/>\n<meta property=\"og:url\" content=\"https:\/\/saltoangelinsulation.com\/es\/privacy-policy\/\" \/>\n<meta property=\"og:site_name\" content=\"Salto Angel Insulation INC\" \/>\n<meta property=\"article:modified_time\" content=\"2025-11-16T03:55:13+00:00\" \/>\n<meta property=\"og:image\" content=\"https:\/\/saltoangelinsulation.com\/wp-content\/uploads\/2025\/11\/Privacy-Policy.png\" \/>\n\t<meta property=\"og:image:width\" content=\"1024\" \/>\n\t<meta property=\"og:image:height\" content=\"1024\" \/>\n\t<meta property=\"og:image:type\" content=\"image\/png\" \/>\n<meta name=\"twitter:card\" content=\"summary_large_image\" \/>\n<meta name=\"twitter:label1\" content=\"Tiempo de lectura\" \/>\n\t<meta name=\"twitter:data1\" content=\"2 minutos\" \/>\n<script type=\"application\/ld+json\" class=\"yoast-schema-graph\">{\"@context\":\"https:\/\/schema.org\",\"@graph\":[{\"@type\":\"WebPage\",\"@id\":\"https:\/\/saltoangelinsulation.com\/en\/privacy-policy\/\",\"url\":\"https:\/\/saltoangelinsulation.com\/en\/privacy-policy\/\",\"name\":\"Privacy Policy - Salto Angel Insulation INC\",\"isPartOf\":{\"@id\":\"https:\/\/saltoangelinsulation.com\/en\/#website\"},\"primaryImageOfPage\":{\"@id\":\"https:\/\/saltoangelinsulation.com\/en\/privacy-policy\/#primaryimage\"},\"image\":{\"@id\":\"https:\/\/saltoangelinsulation.com\/en\/privacy-policy\/#primaryimage\"},\"thumbnailUrl\":\"https:\/\/saltoangelinsulation.com\/wp-content\/uploads\/2025\/11\/Privacy-Policy.png\",\"datePublished\":\"2025-11-15T22:52:24+00:00\",\"dateModified\":\"2025-11-16T03:55:13+00:00\",\"breadcrumb\":{\"@id\":\"https:\/\/saltoangelinsulation.com\/en\/privacy-policy\/#breadcrumb\"},\"inLanguage\":\"es\",\"potentialAction\":[{\"@type\":\"ReadAction\",\"target\":[\"https:\/\/saltoangelinsulation.com\/en\/privacy-policy\/\"]}]},{\"@type\":\"ImageObject\",\"inLanguage\":\"es\",\"@id\":\"https:\/\/saltoangelinsulation.com\/en\/privacy-policy\/#primaryimage\",\"url\":\"https:\/\/saltoangelinsulation.com\/wp-content\/uploads\/2025\/11\/Privacy-Policy.png\",\"contentUrl\":\"https:\/\/saltoangelinsulation.com\/wp-content\/uploads\/2025\/11\/Privacy-Policy.png\",\"width\":1024,\"height\":1024},{\"@type\":\"BreadcrumbList\",\"@id\":\"https:\/\/saltoangelinsulation.com\/en\/privacy-policy\/#breadcrumb\",\"itemListElement\":[{\"@type\":\"ListItem\",\"position\":1,\"name\":\"Home\",\"item\":\"https:\/\/saltoangelinsulation.com\/en\/\"},{\"@type\":\"ListItem\",\"position\":2,\"name\":\"Privacy Policy\"}]},{\"@type\":\"WebSite\",\"@id\":\"https:\/\/saltoangelinsulation.com\/en\/#website\",\"url\":\"https:\/\/saltoangelinsulation.com\/en\/\",\"name\":\"Salto Angel Insulation INC\",\"description\":\"\",\"publisher\":{\"@id\":\"https:\/\/saltoangelinsulation.com\/en\/#organization\"},\"potentialAction\":[{\"@type\":\"SearchAction\",\"target\":{\"@type\":\"EntryPoint\",\"urlTemplate\":\"https:\/\/saltoangelinsulation.com\/en\/?s={search_term_string}\"},\"query-input\":{\"@type\":\"PropertyValueSpecification\",\"valueRequired\":true,\"valueName\":\"search_term_string\"}}],\"inLanguage\":\"es\"},{\"@type\":\"Organization\",\"@id\":\"https:\/\/saltoangelinsulation.com\/en\/#organization\",\"name\":\"Salto Angel Insulation INC\",\"url\":\"https:\/\/saltoangelinsulation.com\/en\/\",\"logo\":{\"@type\":\"ImageObject\",\"inLanguage\":\"es\",\"@id\":\"https:\/\/saltoangelinsulation.com\/en\/#\/schema\/logo\/image\/\",\"url\":\"https:\/\/saltoangelinsulation.com\/wp-content\/uploads\/2025\/10\/Logo-Salto-Angel-INC.png\",\"contentUrl\":\"https:\/\/saltoangelinsulation.com\/wp-content\/uploads\/2025\/10\/Logo-Salto-Angel-INC.png\",\"width\":1536,\"height\":1024,\"caption\":\"Salto Angel Insulation INC\"},\"image\":{\"@id\":\"https:\/\/saltoangelinsulation.com\/en\/#\/schema\/logo\/image\/\"}}]}<\/script>\n<!-- \/ Yoast SEO plugin. -->","yoast_head_json":{"title":"Privacy Policy - Salto Angel Insulation INC","robots":{"index":"index","follow":"follow","max-snippet":"max-snippet:-1","max-image-preview":"max-image-preview:large","max-video-preview":"max-video-preview:-1"},"canonical":"https:\/\/saltoangelinsulation.com\/es\/privacy-policy\/","og_locale":"es_ES","og_type":"article","og_title":"Privacy Policy - Salto Angel Insulation INC","og_description":"Privacy Policy legal notice HOME Privacy policy Privacy Policy Effective date: [October 15,\u00a0 2025]Who we are: Salto Angel Insulation Inc., info@saltoangelinsulation.com, Florida, Miami, 33134, EEUU. Contact: info@saltoangelinsulation.com \u00b7 +1 (786) 521 8265 Information we collect You provide: contact form details (name, email, phone, message), order or service details, and any files you upload. Collected automatically: [&hellip;]","og_url":"https:\/\/saltoangelinsulation.com\/es\/privacy-policy\/","og_site_name":"Salto Angel Insulation INC","article_modified_time":"2025-11-16T03:55:13+00:00","og_image":[{"width":1024,"height":1024,"url":"https:\/\/saltoangelinsulation.com\/wp-content\/uploads\/2025\/11\/Privacy-Policy.png","type":"image\/png"}],"twitter_card":"summary_large_image","twitter_misc":{"Tiempo de lectura":"2 minutos"},"schema":{"@context":"https:\/\/schema.org","@graph":[{"@type":"WebPage","@id":"https:\/\/saltoangelinsulation.com\/en\/privacy-policy\/","url":"https:\/\/saltoangelinsulation.com\/en\/privacy-policy\/","name":"Privacy Policy - Salto Angel Insulation INC","isPartOf":{"@id":"https:\/\/saltoangelinsulation.com\/en\/#website"},"primaryImageOfPage":{"@id":"https:\/\/saltoangelinsulation.com\/en\/privacy-policy\/#primaryimage"},"image":{"@id":"https:\/\/saltoangelinsulation.com\/en\/privacy-policy\/#primaryimage"},"thumbnailUrl":"https:\/\/saltoangelinsulation.com\/wp-content\/uploads\/2025\/11\/Privacy-Policy.png","datePublished":"2025-11-15T22:52:24+00:00","dateModified":"2025-11-16T03:55:13+00:00","breadcrumb":{"@id":"https:\/\/saltoangelinsulation.com\/en\/privacy-policy\/#breadcrumb"},"inLanguage":"es","potentialAction":[{"@type":"ReadAction","target":["https:\/\/saltoangelinsulation.com\/en\/privacy-policy\/"]}]},{"@type":"ImageObject","inLanguage":"es","@id":"https:\/\/saltoangelinsulation.com\/en\/privacy-policy\/#primaryimage","url":"https:\/\/saltoangelinsulation.com\/wp-content\/uploads\/2025\/11\/Privacy-Policy.png","contentUrl":"https:\/\/saltoangelinsulation.com\/wp-content\/uploads\/2025\/11\/Privacy-Policy.png","width":1024,"height":1024},{"@type":"BreadcrumbList","@id":"https:\/\/saltoangelinsulation.com\/en\/privacy-policy\/#breadcrumb","itemListElement":[{"@type":"ListItem","position":1,"name":"Home","item":"https:\/\/saltoangelinsulation.com\/en\/"},{"@type":"ListItem","position":2,"name":"Privacy Policy"}]},{"@type":"WebSite","@id":"https:\/\/saltoangelinsulation.com\/en\/#website","url":"https:\/\/saltoangelinsulation.com\/en\/","name":"Salto Angel Insulation INC","description":"","publisher":{"@id":"https:\/\/saltoangelinsulation.com\/en\/#organization"},"potentialAction":[{"@type":"SearchAction","target":{"@type":"EntryPoint","urlTemplate":"https:\/\/saltoangelinsulation.com\/en\/?s={search_term_string}"},"query-input":{"@type":"PropertyValueSpecification","valueRequired":true,"valueName":"search_term_string"}}],"inLanguage":"es"},{"@type":"Organization","@id":"https:\/\/saltoangelinsulation.com\/en\/#organization","name":"Salto Angel Insulation INC","url":"https:\/\/saltoangelinsulation.com\/en\/","logo":{"@type":"ImageObject","inLanguage":"es","@id":"https:\/\/saltoangelinsulation.com\/en\/#\/schema\/logo\/image\/","url":"https:\/\/saltoangelinsulation.com\/wp-content\/uploads\/2025\/10\/Logo-Salto-Angel-INC.png","contentUrl":"https:\/\/saltoangelinsulation.com\/wp-content\/uploads\/2025\/10\/Logo-Salto-Angel-INC.png","width":1536,"height":1024,"caption":"Salto Angel Insulation INC"},"image":{"@id":"https:\/\/saltoangelinsulation.com\/en\/#\/schema\/logo\/image\/"}}]}},"_links":{"self":[{"href":"https:\/\/saltoangelinsulation.com\/es\/wp-json\/wp\/v2\/pages\/669","targetHints":{"allow":["GET"]}}],"collection":[{"href":"https:\/\/saltoangelinsulation.com\/es\/wp-json\/wp\/v2\/pages"}],"about":[{"href":"https:\/\/saltoangelinsulation.com\/es\/wp-json\/wp\/v2\/types\/page"}],"author":[{"embeddable":true,"href":"https:\/\/saltoangelinsulation.com\/es\/wp-json\/wp\/v2\/users\/1"}],"replies":[{"embeddable":true,"href":"https:\/\/saltoangelinsulation.com\/es\/wp-json\/wp\/v2\/comments?post=669"}],"version-history":[{"count":5,"href":"https:\/\/saltoangelinsulation.com\/es\/wp-json\/wp\/v2\/pages\/669\/revisions"}],"predecessor-version":[{"id":766,"href":"https:\/\/saltoangelinsulation.com\/es\/wp-json\/wp\/v2\/pages\/669\/revisions\/766"}],"wp:featuredmedia":[{"embeddable":true,"href":"https:\/\/saltoangelinsulation.com\/es\/wp-json\/wp\/v2\/media\/699"}],"wp:attachment":[{"href":"https:\/\/saltoangelinsulation.com\/es\/wp-json\/wp\/v2\/media?parent=669"}],"curies":[{"name":"wp","href":"https:\/\/api.w.org\/{rel}","templated":true}]}}